{"id":5527,"date":"2020-10-06T14:55:42","date_gmt":"2020-10-06T18:55:42","guid":{"rendered":"https:\/\/laser-ut.tecnar.com\/contact-us\/"},"modified":"2024-11-21T16:40:39","modified_gmt":"2024-11-21T21:40:39","slug":"nous-contacter","status":"publish","type":"page","link":"https:\/\/laser-ut.tecnar.com\/fr\/nous-contacter\/","title":{"rendered":"Nous contacter"},"content":{"rendered":"","protected":false},"excerpt":{"rendered":"<p> [&#8230;]<\/p>\n<p><a class=\"btn btn-secondary understrap-read-more-link\" href=\"https:\/\/laser-ut.tecnar.com\/fr\/nous-contacter\/\">Lire la suite&#8230;<\/a><\/p>\n","protected":false},"author":1,"featured_media":0,"parent":0,"menu_order":0,"comment_status":"closed","ping_status":"closed","template":"page-templates\/tmp_flexible.php","meta":{"_acf_changed":false,"footnotes":""},"acf":[],"yoast_head":"<!-- This site is optimized with the Yoast SEO plugin v24.3 - https:\/\/yoast.com\/wordpress\/plugins\/seo\/ -->\n<title>Contactez-nous | ultrasons laser par Tecnar<\/title>\n<meta name=\"description\" content=\"Int\u00e9ress\u00e9 par les essais d&#039;ultrasons laser ? Notre \u00e9quipe r\u00e9pondra \u00e0 toutes vos questions et vous proposera la solution la mieux adapt\u00e9e \u00e0 vos besoins.\" \/>\n<meta name=\"robots\" content=\"index, follow, max-snippet:-1, max-image-preview:large, max-video-preview:-1\" \/>\n<link rel=\"canonical\" href=\"https:\/\/laser-ut.tecnar.com\/fr\/nous-contacter\/\" \/>\n<meta property=\"og:locale\" content=\"fr_FR\" \/>\n<meta property=\"og:type\" content=\"article\" \/>\n<meta property=\"og:title\" content=\"Contact us | Laser UT by Tecnar\" \/>\n<meta property=\"og:description\" content=\"Interested in laser-ultrasonics testing? Our team will answer all your questions and suggest the best solution for your needs.\" \/>\n<meta property=\"og:url\" content=\"https:\/\/laser-ut.tecnar.com\/fr\/nous-contacter\/\" \/>\n<meta property=\"og:site_name\" content=\"Tecnar Laser UT\" \/>\n<meta property=\"article:publisher\" content=\"https:\/\/www.facebook.com\/tecnarautomation\" \/>\n<meta property=\"article:modified_time\" content=\"2024-11-21T21:40:39+00:00\" \/>\n<meta property=\"og:image\" content=\"https:\/\/laser-ut.tecnar.com\/wp-content\/uploads\/2021\/11\/3.png\" \/>\n\t<meta property=\"og:image:width\" content=\"1200\" \/>\n\t<meta property=\"og:image:height\" content=\"627\" \/>\n\t<meta property=\"og:image:type\" content=\"image\/png\" \/>\n<meta name=\"twitter:card\" content=\"summary_large_image\" \/>\n<meta name=\"twitter:title\" content=\"Contact us | Laser UT by Tecnar\" \/>\n<meta name=\"twitter:description\" content=\"Interested in laser-ultrasonics testing? Our team will answer all your questions and suggest the best solution for your needs.\" \/>\n<meta name=\"twitter:image\" content=\"https:\/\/laser-ut.tecnar.com\/wp-content\/uploads\/2022\/01\/Team_Hero.jpg\" \/>\n<script type=\"application\/ld+json\" class=\"yoast-schema-graph\">{\"@context\":\"https:\/\/schema.org\",\"@graph\":[{\"@type\":\"WebPage\",\"@id\":\"https:\/\/laser-ut.tecnar.com\/fr\/nous-contacter\/\",\"url\":\"https:\/\/laser-ut.tecnar.com\/fr\/nous-contacter\/\",\"name\":\"Contactez-nous | ultrasons laser par Tecnar\",\"isPartOf\":{\"@id\":\"https:\/\/laser-ut.tecnar.com\/fr\/#website\"},\"datePublished\":\"2020-10-06T18:55:42+00:00\",\"dateModified\":\"2024-11-21T21:40:39+00:00\",\"description\":\"Int\u00e9ress\u00e9 par les essais d'ultrasons laser ? Notre \u00e9quipe r\u00e9pondra \u00e0 toutes vos questions et vous proposera la solution la mieux adapt\u00e9e \u00e0 vos besoins.\",\"inLanguage\":\"fr-FR\",\"potentialAction\":[{\"@type\":\"ReadAction\",\"target\":[\"https:\/\/laser-ut.tecnar.com\/fr\/nous-contacter\/\"]}]},{\"@type\":\"WebSite\",\"@id\":\"https:\/\/laser-ut.tecnar.com\/fr\/#website\",\"url\":\"https:\/\/laser-ut.tecnar.com\/fr\/\",\"name\":\"Tecnar Laser UT\",\"description\":\"\",\"publisher\":{\"@id\":\"https:\/\/laser-ut.tecnar.com\/fr\/#organization\"},\"potentialAction\":[{\"@type\":\"SearchAction\",\"target\":{\"@type\":\"EntryPoint\",\"urlTemplate\":\"https:\/\/laser-ut.tecnar.com\/fr\/?s={search_term_string}\"},\"query-input\":{\"@type\":\"PropertyValueSpecification\",\"valueRequired\":true,\"valueName\":\"search_term_string\"}}],\"inLanguage\":\"fr-FR\"},{\"@type\":\"Organization\",\"@id\":\"https:\/\/laser-ut.tecnar.com\/fr\/#organization\",\"name\":\"Tecnar Laser UT\",\"url\":\"https:\/\/laser-ut.tecnar.com\/fr\/\",\"logo\":{\"@type\":\"ImageObject\",\"inLanguage\":\"fr-FR\",\"@id\":\"https:\/\/laser-ut.tecnar.com\/fr\/#\/schema\/logo\/image\/\",\"url\":\"https:\/\/laser-ut.tecnar.com\/wp-content\/uploads\/2021\/06\/cropped-Logo_web_480x215-3-1.png\",\"contentUrl\":\"https:\/\/laser-ut.tecnar.com\/wp-content\/uploads\/2021\/06\/cropped-Logo_web_480x215-3-1.png\",\"width\":480,\"height\":215,\"caption\":\"Tecnar Laser UT\"},\"image\":{\"@id\":\"https:\/\/laser-ut.tecnar.com\/fr\/#\/schema\/logo\/image\/\"},\"sameAs\":[\"https:\/\/www.facebook.com\/tecnarautomation\",\"https:\/\/www.linkedin.com\/showcase\/31417539\/admin\/\",\"https:\/\/www.youtube.com\/channel\/UC7qFPP09wxGIoOYJS1_drzA\"]}]}<\/script>\n<!-- \/ Yoast SEO plugin. -->","yoast_head_json":{"title":"Contactez-nous | ultrasons laser par Tecnar","description":"Int\u00e9ress\u00e9 par les essais d'ultrasons laser ? Notre \u00e9quipe r\u00e9pondra \u00e0 toutes vos questions et vous proposera la solution la mieux adapt\u00e9e \u00e0 vos besoins.","robots":{"index":"index","follow":"follow","max-snippet":"max-snippet:-1","max-image-preview":"max-image-preview:large","max-video-preview":"max-video-preview:-1"},"canonical":"https:\/\/laser-ut.tecnar.com\/fr\/nous-contacter\/","og_locale":"fr_FR","og_type":"article","og_title":"Contact us | Laser UT by Tecnar","og_description":"Interested in laser-ultrasonics testing? Our team will answer all your questions and suggest the best solution for your needs.","og_url":"https:\/\/laser-ut.tecnar.com\/fr\/nous-contacter\/","og_site_name":"Tecnar Laser UT","article_publisher":"https:\/\/www.facebook.com\/tecnarautomation","article_modified_time":"2024-11-21T21:40:39+00:00","og_image":[{"width":1200,"height":627,"url":"https:\/\/laser-ut.tecnar.com\/wp-content\/uploads\/2021\/11\/3.png","type":"image\/png"}],"twitter_card":"summary_large_image","twitter_title":"Contact us | Laser UT by Tecnar","twitter_description":"Interested in laser-ultrasonics testing? Our team will answer all your questions and suggest the best solution for your needs.","twitter_image":"https:\/\/laser-ut.tecnar.com\/wp-content\/uploads\/2022\/01\/Team_Hero.jpg","schema":{"@context":"https:\/\/schema.org","@graph":[{"@type":"WebPage","@id":"https:\/\/laser-ut.tecnar.com\/fr\/nous-contacter\/","url":"https:\/\/laser-ut.tecnar.com\/fr\/nous-contacter\/","name":"Contactez-nous | ultrasons laser par Tecnar","isPartOf":{"@id":"https:\/\/laser-ut.tecnar.com\/fr\/#website"},"datePublished":"2020-10-06T18:55:42+00:00","dateModified":"2024-11-21T21:40:39+00:00","description":"Int\u00e9ress\u00e9 par les essais d'ultrasons laser ? Notre \u00e9quipe r\u00e9pondra \u00e0 toutes vos questions et vous proposera la solution la mieux adapt\u00e9e \u00e0 vos besoins.","inLanguage":"fr-FR","potentialAction":[{"@type":"ReadAction","target":["https:\/\/laser-ut.tecnar.com\/fr\/nous-contacter\/"]}]},{"@type":"WebSite","@id":"https:\/\/laser-ut.tecnar.com\/fr\/#website","url":"https:\/\/laser-ut.tecnar.com\/fr\/","name":"Tecnar Laser UT","description":"","publisher":{"@id":"https:\/\/laser-ut.tecnar.com\/fr\/#organization"},"potentialAction":[{"@type":"SearchAction","target":{"@type":"EntryPoint","urlTemplate":"https:\/\/laser-ut.tecnar.com\/fr\/?s={search_term_string}"},"query-input":{"@type":"PropertyValueSpecification","valueRequired":true,"valueName":"search_term_string"}}],"inLanguage":"fr-FR"},{"@type":"Organization","@id":"https:\/\/laser-ut.tecnar.com\/fr\/#organization","name":"Tecnar Laser UT","url":"https:\/\/laser-ut.tecnar.com\/fr\/","logo":{"@type":"ImageObject","inLanguage":"fr-FR","@id":"https:\/\/laser-ut.tecnar.com\/fr\/#\/schema\/logo\/image\/","url":"https:\/\/laser-ut.tecnar.com\/wp-content\/uploads\/2021\/06\/cropped-Logo_web_480x215-3-1.png","contentUrl":"https:\/\/laser-ut.tecnar.com\/wp-content\/uploads\/2021\/06\/cropped-Logo_web_480x215-3-1.png","width":480,"height":215,"caption":"Tecnar Laser UT"},"image":{"@id":"https:\/\/laser-ut.tecnar.com\/fr\/#\/schema\/logo\/image\/"},"sameAs":["https:\/\/www.facebook.com\/tecnarautomation","https:\/\/www.linkedin.com\/showcase\/31417539\/admin\/","https:\/\/www.youtube.com\/channel\/UC7qFPP09wxGIoOYJS1_drzA"]}]}},"_links":{"self":[{"href":"https:\/\/laser-ut.tecnar.com\/fr\/wp-json\/wp\/v2\/pages\/5527"}],"collection":[{"href":"https:\/\/laser-ut.tecnar.com\/fr\/wp-json\/wp\/v2\/pages"}],"about":[{"href":"https:\/\/laser-ut.tecnar.com\/fr\/wp-json\/wp\/v2\/types\/page"}],"author":[{"embeddable":true,"href":"https:\/\/laser-ut.tecnar.com\/fr\/wp-json\/wp\/v2\/users\/1"}],"replies":[{"embeddable":true,"href":"https:\/\/laser-ut.tecnar.com\/fr\/wp-json\/wp\/v2\/comments?post=5527"}],"version-history":[{"count":2,"href":"https:\/\/laser-ut.tecnar.com\/fr\/wp-json\/wp\/v2\/pages\/5527\/revisions"}],"predecessor-version":[{"id":5657,"href":"https:\/\/laser-ut.tecnar.com\/fr\/wp-json\/wp\/v2\/pages\/5527\/revisions\/5657"}],"wp:attachment":[{"href":"https:\/\/laser-ut.tecnar.com\/fr\/wp-json\/wp\/v2\/media?parent=5527"}],"curies":[{"name":"wp","href":"https:\/\/api.w.org\/{rel}","templated":true}]}}