{"id":5500,"date":"2021-06-10T11:55:36","date_gmt":"2021-06-10T15:55:36","guid":{"rendered":"https:\/\/laser-ut.tecnar.com\/products\/rd-laser-ut-systems\/"},"modified":"2025-04-28T13:28:54","modified_gmt":"2025-04-28T17:28:54","slug":"systemes-laser-ut-rd","status":"publish","type":"page","link":"https:\/\/laser-ut.tecnar.com\/fr\/products\/systemes-laser-ut-rd\/","title":{"rendered":"Syst\u00e8mes d&rsquo;IU laser de R&#038;D"},"content":{"rendered":"","protected":false},"excerpt":{"rendered":"<p> [&#8230;]<\/p>\n<p><a class=\"btn btn-secondary understrap-read-more-link\" href=\"https:\/\/laser-ut.tecnar.com\/fr\/products\/systemes-laser-ut-rd\/\">Lire la suite&#8230;<\/a><\/p>\n","protected":false},"author":2,"featured_media":0,"parent":5498,"menu_order":0,"comment_status":"closed","ping_status":"closed","template":"page-templates\/tmp_flexible.php","meta":{"_acf_changed":false,"footnotes":""},"acf":[],"yoast_head":"<!-- This site is optimized with the Yoast SEO plugin v24.3 - https:\/\/yoast.com\/wordpress\/plugins\/seo\/ -->\n<title>Syst\u00e8mes d&#039;IU laser de R&amp;D - par Tecnar<\/title>\n<meta name=\"description\" content=\"Tecnar fournit des \u00e9quipements de mesure laser-ultrasons robustes et de haute qualit\u00e9, allant de la recherche \u00e0 l&#039;int\u00e9gration industrielle\" \/>\n<meta name=\"robots\" content=\"index, follow, max-snippet:-1, max-image-preview:large, max-video-preview:-1\" \/>\n<link rel=\"canonical\" href=\"https:\/\/laser-ut.tecnar.com\/fr\/products\/systemes-laser-ut-rd\/\" \/>\n<meta property=\"og:locale\" content=\"fr_FR\" \/>\n<meta property=\"og:type\" content=\"article\" \/>\n<meta property=\"og:title\" content=\"Syst\u00e8mes d&#039;IU laser de R&amp;D - by Tecnar\" \/>\n<meta property=\"og:description\" content=\"Tecnar delivers high-quality robust laser-ultrasonic testing equipment, from discovering non-contact testing to full laser-ultrasonic integration.\" \/>\n<meta property=\"og:url\" content=\"https:\/\/laser-ut.tecnar.com\/fr\/products\/systemes-laser-ut-rd\/\" \/>\n<meta property=\"og:site_name\" content=\"Tecnar Laser UT\" \/>\n<meta property=\"article:publisher\" content=\"https:\/\/www.facebook.com\/tecnarautomation\" \/>\n<meta property=\"article:modified_time\" content=\"2025-04-28T17:28:54+00:00\" \/>\n<meta property=\"og:image\" content=\"https:\/\/laser-ut.tecnar.com\/wp-content\/uploads\/2021\/11\/3.png\" \/>\n\t<meta property=\"og:image:width\" content=\"1200\" \/>\n\t<meta property=\"og:image:height\" content=\"627\" \/>\n\t<meta property=\"og:image:type\" content=\"image\/png\" \/>\n<meta name=\"twitter:card\" content=\"summary_large_image\" \/>\n<meta name=\"twitter:title\" content=\"Syst\u00e8mes d&#039;IU laser de R&amp;D - by Tecnar\" \/>\n<meta name=\"twitter:description\" content=\"Tecnar delivers high-quality robust laser-ultrasonic testing equipment, from discovering non-contact testing to full laser-ultrasonic integration.\" \/>\n<meta name=\"twitter:image\" content=\"https:\/\/laser-ut.tecnar.com\/wp-content\/uploads\/2021\/11\/3.png\" \/>\n<script type=\"application\/ld+json\" class=\"yoast-schema-graph\">{\"@context\":\"https:\/\/schema.org\",\"@graph\":[{\"@type\":\"WebPage\",\"@id\":\"https:\/\/laser-ut.tecnar.com\/fr\/products\/systemes-laser-ut-rd\/\",\"url\":\"https:\/\/laser-ut.tecnar.com\/fr\/products\/systemes-laser-ut-rd\/\",\"name\":\"Syst\u00e8mes d'IU laser de R&D - par Tecnar\",\"isPartOf\":{\"@id\":\"https:\/\/laser-ut.tecnar.com\/fr\/#website\"},\"datePublished\":\"2021-06-10T15:55:36+00:00\",\"dateModified\":\"2025-04-28T17:28:54+00:00\",\"description\":\"Tecnar fournit des \u00e9quipements de mesure laser-ultrasons robustes et de haute qualit\u00e9, allant de la recherche \u00e0 l'int\u00e9gration industrielle\",\"breadcrumb\":{\"@id\":\"https:\/\/laser-ut.tecnar.com\/fr\/products\/systemes-laser-ut-rd\/#breadcrumb\"},\"inLanguage\":\"fr-FR\",\"potentialAction\":[{\"@type\":\"ReadAction\",\"target\":[\"https:\/\/laser-ut.tecnar.com\/fr\/products\/systemes-laser-ut-rd\/\"]}]},{\"@type\":\"BreadcrumbList\",\"@id\":\"https:\/\/laser-ut.tecnar.com\/fr\/products\/systemes-laser-ut-rd\/#breadcrumb\",\"itemListElement\":[{\"@type\":\"ListItem\",\"position\":1,\"name\":\"Produits\",\"item\":\"https:\/\/laser-ut.tecnar.com\/fr\/products\/\"},{\"@type\":\"ListItem\",\"position\":2,\"name\":\"Syst\u00e8mes d&#8217;IU laser de R&#038;D\"}]},{\"@type\":\"WebSite\",\"@id\":\"https:\/\/laser-ut.tecnar.com\/fr\/#website\",\"url\":\"https:\/\/laser-ut.tecnar.com\/fr\/\",\"name\":\"Tecnar Laser UT\",\"description\":\"\",\"publisher\":{\"@id\":\"https:\/\/laser-ut.tecnar.com\/fr\/#organization\"},\"potentialAction\":[{\"@type\":\"SearchAction\",\"target\":{\"@type\":\"EntryPoint\",\"urlTemplate\":\"https:\/\/laser-ut.tecnar.com\/fr\/?s={search_term_string}\"},\"query-input\":{\"@type\":\"PropertyValueSpecification\",\"valueRequired\":true,\"valueName\":\"search_term_string\"}}],\"inLanguage\":\"fr-FR\"},{\"@type\":\"Organization\",\"@id\":\"https:\/\/laser-ut.tecnar.com\/fr\/#organization\",\"name\":\"Tecnar Laser UT\",\"url\":\"https:\/\/laser-ut.tecnar.com\/fr\/\",\"logo\":{\"@type\":\"ImageObject\",\"inLanguage\":\"fr-FR\",\"@id\":\"https:\/\/laser-ut.tecnar.com\/fr\/#\/schema\/logo\/image\/\",\"url\":\"https:\/\/laser-ut.tecnar.com\/wp-content\/uploads\/2021\/06\/cropped-Logo_web_480x215-3-1.png\",\"contentUrl\":\"https:\/\/laser-ut.tecnar.com\/wp-content\/uploads\/2021\/06\/cropped-Logo_web_480x215-3-1.png\",\"width\":480,\"height\":215,\"caption\":\"Tecnar Laser UT\"},\"image\":{\"@id\":\"https:\/\/laser-ut.tecnar.com\/fr\/#\/schema\/logo\/image\/\"},\"sameAs\":[\"https:\/\/www.facebook.com\/tecnarautomation\",\"https:\/\/www.linkedin.com\/showcase\/31417539\/admin\/\",\"https:\/\/www.youtube.com\/channel\/UC7qFPP09wxGIoOYJS1_drzA\"]}]}<\/script>\n<!-- \/ Yoast SEO plugin. -->","yoast_head_json":{"title":"Syst\u00e8mes d'IU laser de R&D - par Tecnar","description":"Tecnar fournit des \u00e9quipements de mesure laser-ultrasons robustes et de haute qualit\u00e9, allant de la recherche \u00e0 l'int\u00e9gration industrielle","robots":{"index":"index","follow":"follow","max-snippet":"max-snippet:-1","max-image-preview":"max-image-preview:large","max-video-preview":"max-video-preview:-1"},"canonical":"https:\/\/laser-ut.tecnar.com\/fr\/products\/systemes-laser-ut-rd\/","og_locale":"fr_FR","og_type":"article","og_title":"Syst\u00e8mes d'IU laser de R&D - by Tecnar","og_description":"Tecnar delivers high-quality robust laser-ultrasonic testing equipment, from discovering non-contact testing to full laser-ultrasonic integration.","og_url":"https:\/\/laser-ut.tecnar.com\/fr\/products\/systemes-laser-ut-rd\/","og_site_name":"Tecnar Laser UT","article_publisher":"https:\/\/www.facebook.com\/tecnarautomation","article_modified_time":"2025-04-28T17:28:54+00:00","og_image":[{"width":1200,"height":627,"url":"https:\/\/laser-ut.tecnar.com\/wp-content\/uploads\/2021\/11\/3.png","type":"image\/png"}],"twitter_card":"summary_large_image","twitter_title":"Syst\u00e8mes d'IU laser de R&D - by Tecnar","twitter_description":"Tecnar delivers high-quality robust laser-ultrasonic testing equipment, from discovering non-contact testing to full laser-ultrasonic integration.","twitter_image":"https:\/\/laser-ut.tecnar.com\/wp-content\/uploads\/2021\/11\/3.png","schema":{"@context":"https:\/\/schema.org","@graph":[{"@type":"WebPage","@id":"https:\/\/laser-ut.tecnar.com\/fr\/products\/systemes-laser-ut-rd\/","url":"https:\/\/laser-ut.tecnar.com\/fr\/products\/systemes-laser-ut-rd\/","name":"Syst\u00e8mes d'IU laser de R&D - par Tecnar","isPartOf":{"@id":"https:\/\/laser-ut.tecnar.com\/fr\/#website"},"datePublished":"2021-06-10T15:55:36+00:00","dateModified":"2025-04-28T17:28:54+00:00","description":"Tecnar fournit des \u00e9quipements de mesure laser-ultrasons robustes et de haute qualit\u00e9, allant de la recherche \u00e0 l'int\u00e9gration industrielle","breadcrumb":{"@id":"https:\/\/laser-ut.tecnar.com\/fr\/products\/systemes-laser-ut-rd\/#breadcrumb"},"inLanguage":"fr-FR","potentialAction":[{"@type":"ReadAction","target":["https:\/\/laser-ut.tecnar.com\/fr\/products\/systemes-laser-ut-rd\/"]}]},{"@type":"BreadcrumbList","@id":"https:\/\/laser-ut.tecnar.com\/fr\/products\/systemes-laser-ut-rd\/#breadcrumb","itemListElement":[{"@type":"ListItem","position":1,"name":"Produits","item":"https:\/\/laser-ut.tecnar.com\/fr\/products\/"},{"@type":"ListItem","position":2,"name":"Syst\u00e8mes d&#8217;IU laser de R&#038;D"}]},{"@type":"WebSite","@id":"https:\/\/laser-ut.tecnar.com\/fr\/#website","url":"https:\/\/laser-ut.tecnar.com\/fr\/","name":"Tecnar Laser UT","description":"","publisher":{"@id":"https:\/\/laser-ut.tecnar.com\/fr\/#organization"},"potentialAction":[{"@type":"SearchAction","target":{"@type":"EntryPoint","urlTemplate":"https:\/\/laser-ut.tecnar.com\/fr\/?s={search_term_string}"},"query-input":{"@type":"PropertyValueSpecification","valueRequired":true,"valueName":"search_term_string"}}],"inLanguage":"fr-FR"},{"@type":"Organization","@id":"https:\/\/laser-ut.tecnar.com\/fr\/#organization","name":"Tecnar Laser UT","url":"https:\/\/laser-ut.tecnar.com\/fr\/","logo":{"@type":"ImageObject","inLanguage":"fr-FR","@id":"https:\/\/laser-ut.tecnar.com\/fr\/#\/schema\/logo\/image\/","url":"https:\/\/laser-ut.tecnar.com\/wp-content\/uploads\/2021\/06\/cropped-Logo_web_480x215-3-1.png","contentUrl":"https:\/\/laser-ut.tecnar.com\/wp-content\/uploads\/2021\/06\/cropped-Logo_web_480x215-3-1.png","width":480,"height":215,"caption":"Tecnar Laser UT"},"image":{"@id":"https:\/\/laser-ut.tecnar.com\/fr\/#\/schema\/logo\/image\/"},"sameAs":["https:\/\/www.facebook.com\/tecnarautomation","https:\/\/www.linkedin.com\/showcase\/31417539\/admin\/","https:\/\/www.youtube.com\/channel\/UC7qFPP09wxGIoOYJS1_drzA"]}]}},"_links":{"self":[{"href":"https:\/\/laser-ut.tecnar.com\/fr\/wp-json\/wp\/v2\/pages\/5500"}],"collection":[{"href":"https:\/\/laser-ut.tecnar.com\/fr\/wp-json\/wp\/v2\/pages"}],"about":[{"href":"https:\/\/laser-ut.tecnar.com\/fr\/wp-json\/wp\/v2\/types\/page"}],"author":[{"embeddable":true,"href":"https:\/\/laser-ut.tecnar.com\/fr\/wp-json\/wp\/v2\/users\/2"}],"replies":[{"embeddable":true,"href":"https:\/\/laser-ut.tecnar.com\/fr\/wp-json\/wp\/v2\/comments?post=5500"}],"version-history":[{"count":31,"href":"https:\/\/laser-ut.tecnar.com\/fr\/wp-json\/wp\/v2\/pages\/5500\/revisions"}],"predecessor-version":[{"id":5743,"href":"https:\/\/laser-ut.tecnar.com\/fr\/wp-json\/wp\/v2\/pages\/5500\/revisions\/5743"}],"up":[{"embeddable":true,"href":"https:\/\/laser-ut.tecnar.com\/fr\/wp-json\/wp\/v2\/pages\/5498"}],"wp:attachment":[{"href":"https:\/\/laser-ut.tecnar.com\/fr\/wp-json\/wp\/v2\/media?parent=5500"}],"curies":[{"name":"wp","href":"https:\/\/api.w.org\/{rel}","templated":true}]}}